{"id":8,"date":"2018-06-07T14:53:15","date_gmt":"2018-06-07T12:53:15","guid":{"rendered":"http:\/\/m-demo.lightcode.eu\/?page_id=8"},"modified":"2020-08-19T22:48:04","modified_gmt":"2020-08-19T20:48:04","slug":"vipnieruchomosci","status":"publish","type":"page","link":"https:\/\/monikachajecka.pl\/en\/vipnieruchomosci\/","title":{"rendered":"VIP Nieruchomo\u015bci"},"content":{"rendered":"<p>Rynek nieruchomo\u015bci komercyjnych jest rynkiem bardzo wymagajcym. Zajmuj\u0119 si\u0119 po\u015brednictwem w kupnie i sprzeda\u017cy wyjtkowych nnieruchomo\u015bci. W ofercie posiadam ponad 150 nietuzinkowych ofert nieruchomo\u015bci komercyjnych. Portfoliom stale ro\u015bnie, z miesica na miesiac.<\/p>\n\n\n<figure class=\"wp-block-embed-youtube wp-block-embed is-type-video is-provider-youtube wp-embed-aspect-16-9 wp-has-aspect-ratio\"><div class=\"wp-block-embed__wrapper\">\n<iframe loading=\"lazy\" title=\"Pi\u0119kna,  unikatowa rezydencja na Dolnym \u015al\u0105sku\" width=\"500\" height=\"281\" src=\"https:\/\/www.youtube.com\/embed\/0JM1tcGZZ04?feature=oembed\" frameborder=\"0\" allow=\"accelerometer; autoplay; clipboard-write; encrypted-media; gyroscope; picture-in-picture; web-share\" referrerpolicy=\"strict-origin-when-cross-origin\" allowfullscreen><\/iframe>\n<\/div><\/figure>","protected":false},"excerpt":{"rendered":"<p>VIP Nieruchomo\u015bci<\/p>\n","protected":false},"author":3,"featured_media":50,"parent":0,"menu_order":0,"comment_status":"closed","ping_status":"closed","template":"","meta":{"ngg_post_thumbnail":0,"footnotes":""},"class_list":["post-8","page","type-page","status-publish","has-post-thumbnail","hentry"],"_links":{"self":[{"href":"https:\/\/monikachajecka.pl\/en\/wp-json\/wp\/v2\/pages\/8","targetHints":{"allow":["GET"]}}],"collection":[{"href":"https:\/\/monikachajecka.pl\/en\/wp-json\/wp\/v2\/pages"}],"about":[{"href":"https:\/\/monikachajecka.pl\/en\/wp-json\/wp\/v2\/types\/page"}],"author":[{"embeddable":true,"href":"https:\/\/monikachajecka.pl\/en\/wp-json\/wp\/v2\/users\/3"}],"replies":[{"embeddable":true,"href":"https:\/\/monikachajecka.pl\/en\/wp-json\/wp\/v2\/comments?post=8"}],"version-history":[{"count":9,"href":"https:\/\/monikachajecka.pl\/en\/wp-json\/wp\/v2\/pages\/8\/revisions"}],"predecessor-version":[{"id":294,"href":"https:\/\/monikachajecka.pl\/en\/wp-json\/wp\/v2\/pages\/8\/revisions\/294"}],"wp:featuredmedia":[{"embeddable":true,"href":"https:\/\/monikachajecka.pl\/en\/wp-json\/wp\/v2\/media\/50"}],"wp:attachment":[{"href":"https:\/\/monikachajecka.pl\/en\/wp-json\/wp\/v2\/media?parent=8"}],"curies":[{"name":"wp","href":"https:\/\/api.w.org\/{rel}","templated":true}]}}