{"id":4,"date":"2018-06-07T14:52:52","date_gmt":"2018-06-07T12:52:52","guid":{"rendered":"http:\/\/m-demo.lightcode.eu\/?page_id=4"},"modified":"2018-06-18T12:01:23","modified_gmt":"2018-06-18T10:01:23","slug":"kim-jestem","status":"publish","type":"page","link":"https:\/\/monikachajecka.pl\/en\/kim-jestem\/","title":{"rendered":"Kim jestem"},"content":{"rendered":"<p>W\u0142a\u015bcicielka firmy Welcomefinance.pl Sp. z o. o. (nieruchomo\u015bci, pozyskiwanie finansowania) oraz MC Sweet Sp. z o.o. (zdrowe bezglutenowe produkty sprzedawane we wszystkich sieciach na terenie Polski i za granic). Doradca w sprzeda\u017cy nieruchomo\u015bci komercyjnych. Dyplomata. Znam angielski i niemiecki. Jestem autork projektu &#8220;Wizerunek w biznesie&#8221;, laureatk\u0105 programu &#8220;Symbol 2016&#8221;, w kategorii Symbol przyjaznych us\u0142ug finansowych.<\/p>\n","protected":false},"excerpt":{"rendered":"<p>Przedsi\u0119biorca, buisness woman.<\/p>\n","protected":false},"author":3,"featured_media":50,"parent":0,"menu_order":0,"comment_status":"closed","ping_status":"closed","template":"","meta":{"ngg_post_thumbnail":0,"footnotes":""},"class_list":["post-4","page","type-page","status-publish","has-post-thumbnail","hentry"],"_links":{"self":[{"href":"https:\/\/monikachajecka.pl\/en\/wp-json\/wp\/v2\/pages\/4","targetHints":{"allow":["GET"]}}],"collection":[{"href":"https:\/\/monikachajecka.pl\/en\/wp-json\/wp\/v2\/pages"}],"about":[{"href":"https:\/\/monikachajecka.pl\/en\/wp-json\/wp\/v2\/types\/page"}],"author":[{"embeddable":true,"href":"https:\/\/monikachajecka.pl\/en\/wp-json\/wp\/v2\/users\/3"}],"replies":[{"embeddable":true,"href":"https:\/\/monikachajecka.pl\/en\/wp-json\/wp\/v2\/comments?post=4"}],"version-history":[{"count":2,"href":"https:\/\/monikachajecka.pl\/en\/wp-json\/wp\/v2\/pages\/4\/revisions"}],"predecessor-version":[{"id":51,"href":"https:\/\/monikachajecka.pl\/en\/wp-json\/wp\/v2\/pages\/4\/revisions\/51"}],"wp:featuredmedia":[{"embeddable":true,"href":"https:\/\/monikachajecka.pl\/en\/wp-json\/wp\/v2\/media\/50"}],"wp:attachment":[{"href":"https:\/\/monikachajecka.pl\/en\/wp-json\/wp\/v2\/media?parent=4"}],"curies":[{"name":"wp","href":"https:\/\/api.w.org\/{rel}","templated":true}]}}