{"id":26,"date":"2018-06-08T10:58:04","date_gmt":"2018-06-08T08:58:04","guid":{"rendered":"http:\/\/m-demo.lightcode.eu\/?page_id=26"},"modified":"2018-07-09T10:08:13","modified_gmt":"2018-07-09T08:08:13","slug":"monika-chajecka","status":"publish","type":"page","link":"https:\/\/monikachajecka.pl\/en\/","title":{"rendered":"Monika Chaj\u0119cka"},"content":{"rendered":"<p><\/p>\n<div class=\"info_text\">\n<p class=\"bold\"><strong>Business woman, w\u0142a\u015bcicielka WelcomeFinance i MC Sweet.<br \/>\n<\/strong><\/p>\n<p>Finansista, doradca w sprzeda\u017cy nieruchomo\u015bci komercyjnych, dyplomata.<\/p>\n<\/div>\n<p><\/p>","protected":false},"excerpt":{"rendered":"<p>Business woman, w\u0142a\u015bcicielka WelcomeFinance i MC Sweet. Finansista, doradca w sprzeda\u017cy nieruchomo\u015bci komercyjnych, dyplomata.<\/p>\n","protected":false},"author":3,"featured_media":0,"parent":0,"menu_order":0,"comment_status":"closed","ping_status":"closed","template":"","meta":{"ngg_post_thumbnail":0,"footnotes":""},"class_list":["post-26","page","type-page","status-publish","hentry"],"_links":{"self":[{"href":"https:\/\/monikachajecka.pl\/en\/wp-json\/wp\/v2\/pages\/26","targetHints":{"allow":["GET"]}}],"collection":[{"href":"https:\/\/monikachajecka.pl\/en\/wp-json\/wp\/v2\/pages"}],"about":[{"href":"https:\/\/monikachajecka.pl\/en\/wp-json\/wp\/v2\/types\/page"}],"author":[{"embeddable":true,"href":"https:\/\/monikachajecka.pl\/en\/wp-json\/wp\/v2\/users\/3"}],"replies":[{"embeddable":true,"href":"https:\/\/monikachajecka.pl\/en\/wp-json\/wp\/v2\/comments?post=26"}],"version-history":[{"count":5,"href":"https:\/\/monikachajecka.pl\/en\/wp-json\/wp\/v2\/pages\/26\/revisions"}],"predecessor-version":[{"id":208,"href":"https:\/\/monikachajecka.pl\/en\/wp-json\/wp\/v2\/pages\/26\/revisions\/208"}],"wp:attachment":[{"href":"https:\/\/monikachajecka.pl\/en\/wp-json\/wp\/v2\/media?parent=26"}],"curies":[{"name":"wp","href":"https:\/\/api.w.org\/{rel}","templated":true}]}}