{"id":16,"date":"2018-06-07T14:54:13","date_gmt":"2018-06-07T12:54:13","guid":{"rendered":"http:\/\/m-demo.lightcode.eu\/?page_id=16"},"modified":"2018-06-21T10:53:27","modified_gmt":"2018-06-21T08:53:27","slug":"kontakt","status":"publish","type":"page","link":"https:\/\/monikachajecka.pl\/en\/kontakt\/","title":{"rendered":"Kontakt"},"content":{"rendered":"<p>Masz pytanie odno\u015bnie moich przedsi\u0119wzi\u0119\u0107? Interesuj\u0105 Ci\u0119 wyj\u0105tkowe nieruchomo\u015bci? Potrzebujesz doradcy finansowego? A mo\u017ce chcesz dowiedzie\u0107 si\u0119 wi\u0119cej o Arbonne? Napisz lub zadzwo\u0144 do mnie! Czekam na Tw\u00f3j kontakt.<\/p>\n","protected":false},"excerpt":{"rendered":"<p>Skontaktuj si\u0119 ze mn\u0105 <\/p>\n","protected":false},"author":3,"featured_media":93,"parent":0,"menu_order":0,"comment_status":"closed","ping_status":"closed","template":"","meta":{"ngg_post_thumbnail":0,"footnotes":""},"class_list":["post-16","page","type-page","status-publish","has-post-thumbnail","hentry"],"_links":{"self":[{"href":"https:\/\/monikachajecka.pl\/en\/wp-json\/wp\/v2\/pages\/16","targetHints":{"allow":["GET"]}}],"collection":[{"href":"https:\/\/monikachajecka.pl\/en\/wp-json\/wp\/v2\/pages"}],"about":[{"href":"https:\/\/monikachajecka.pl\/en\/wp-json\/wp\/v2\/types\/page"}],"author":[{"embeddable":true,"href":"https:\/\/monikachajecka.pl\/en\/wp-json\/wp\/v2\/users\/3"}],"replies":[{"embeddable":true,"href":"https:\/\/monikachajecka.pl\/en\/wp-json\/wp\/v2\/comments?post=16"}],"version-history":[{"count":3,"href":"https:\/\/monikachajecka.pl\/en\/wp-json\/wp\/v2\/pages\/16\/revisions"}],"predecessor-version":[{"id":129,"href":"https:\/\/monikachajecka.pl\/en\/wp-json\/wp\/v2\/pages\/16\/revisions\/129"}],"wp:featuredmedia":[{"embeddable":true,"href":"https:\/\/monikachajecka.pl\/en\/wp-json\/wp\/v2\/media\/93"}],"wp:attachment":[{"href":"https:\/\/monikachajecka.pl\/en\/wp-json\/wp\/v2\/media?parent=16"}],"curies":[{"name":"wp","href":"https:\/\/api.w.org\/{rel}","templated":true}]}}