{"id":14,"date":"2018-06-07T14:53:56","date_gmt":"2018-06-07T12:53:56","guid":{"rendered":"http:\/\/m-demo.lightcode.eu\/?page_id=14"},"modified":"2018-06-19T13:31:58","modified_gmt":"2018-06-19T11:31:58","slug":"zdrowie","status":"publish","type":"page","link":"https:\/\/monikachajecka.pl\/en\/zdrowie\/","title":{"rendered":"Zdrowie"},"content":{"rendered":"<p>Dlaczego zajmuj\u0119 si\u0119 r\u00f3wnie\u017c dystrybucj\u0105 produkt\u00f3w Arbonne? Na co dzie\u0144 zajmuj\u0119 si\u0119 szeroko poj\u0119tym doradztwem finansowo &#8211; kredytowym oraz nieruchomo\u015bciami. Nieruchomo\u015bci, zw\u0142aszcza komercyjne wymagaj\u0105 wiele cierpliwo\u015bci i pokory. Prowadz\u0119 w\u0142asna firm\u0119 od ponad 10 lat. posiadam dwa pr\u0119\u017cnie dzia\u0142aj\u0105ce biura we Wroc\u0142awiu i w Ole\u015bnicy. Pomagamy klientom rozwi\u0105za\u0107 ich trudne problemy finansowe. Prowadzimy r\u00f3wnie\u017c po\u015brednictwo w kupnie i sprzeda\u017cy nieruchomo\u015bci w Polsce i za granic\u0105. Jest to praca ci\u0119\u017cka i bardzo pracoch\u0142onna, wymagaj\u0105ca sta\u0142ego podnoszenia swoich kwalifikacji, od rana do wieczora. Mam bardzo ma\u0142o wolnego czasu dla swojej rodziny i bliskich. Kocham to co robi\u0119, poniewa\u017c jest to moja pasj\u0105 i lubi\u0119 swoja prac\u0119, ale minus jest taki, \u017ce jest bardzo pracoch\u0142onna.<\/p>\n","protected":false},"excerpt":{"rendered":"<p>Wellness i zdrowie<\/p>\n","protected":false},"author":3,"featured_media":93,"parent":0,"menu_order":0,"comment_status":"closed","ping_status":"closed","template":"","meta":{"ngg_post_thumbnail":0,"footnotes":""},"class_list":["post-14","page","type-page","status-publish","has-post-thumbnail","hentry"],"_links":{"self":[{"href":"https:\/\/monikachajecka.pl\/en\/wp-json\/wp\/v2\/pages\/14","targetHints":{"allow":["GET"]}}],"collection":[{"href":"https:\/\/monikachajecka.pl\/en\/wp-json\/wp\/v2\/pages"}],"about":[{"href":"https:\/\/monikachajecka.pl\/en\/wp-json\/wp\/v2\/types\/page"}],"author":[{"embeddable":true,"href":"https:\/\/monikachajecka.pl\/en\/wp-json\/wp\/v2\/users\/3"}],"replies":[{"embeddable":true,"href":"https:\/\/monikachajecka.pl\/en\/wp-json\/wp\/v2\/comments?post=14"}],"version-history":[{"count":3,"href":"https:\/\/monikachajecka.pl\/en\/wp-json\/wp\/v2\/pages\/14\/revisions"}],"predecessor-version":[{"id":109,"href":"https:\/\/monikachajecka.pl\/en\/wp-json\/wp\/v2\/pages\/14\/revisions\/109"}],"wp:featuredmedia":[{"embeddable":true,"href":"https:\/\/monikachajecka.pl\/en\/wp-json\/wp\/v2\/media\/93"}],"wp:attachment":[{"href":"https:\/\/monikachajecka.pl\/en\/wp-json\/wp\/v2\/media?parent=14"}],"curies":[{"name":"wp","href":"https:\/\/api.w.org\/{rel}","templated":true}]}}