{"id":12,"date":"2018-06-07T14:53:43","date_gmt":"2018-06-07T12:53:43","guid":{"rendered":"http:\/\/m-demo.lightcode.eu\/?page_id=12"},"modified":"2018-07-09T10:24:24","modified_gmt":"2018-07-09T08:24:24","slug":"szkolenia","status":"publish","type":"page","link":"https:\/\/monikachajecka.pl\/en\/szkolenia\/","title":{"rendered":"Szkolenia"},"content":{"rendered":"<p>Wizerunek w biznesie to stylizacja, makija\u017c i dieta w jednym. Monika Chaj\u0119cka jest autork projektu szkoleniowego &#8220;Wizerunek w biznesie&#8221;, projektu dedykowanego do firm zatrudniajcych od 10 do 1000 pracownik\u00f3w, kt\u00f3rzy zajmuja si\u0119 profesjonala obs\u0142uga klient\u00f3w. Uczestnicy zdob\u0119da praktyczna wiedze o stylizacji, wygladzie, od\u017cywianiu i makija\u017cu w biznesie, kt\u00f3ra b\u0119da mogli wykorzystywa\u0107 na codzie\u0144 w swojej pracy zawodowej. Projekt dedykowany jest dla bran\u017cy: hotelarskiej, us\u0142ugowej, bankowej, ma\u0142ych i \u015brednich korporacji. Wizerunek w biznesie jest nieodzowna cz\u0119\u015bcia naszej codzienno\u015bci.<\/p>","protected":false},"excerpt":{"rendered":"<p>Wizerunek w biznesie<\/p>\n","protected":false},"author":3,"featured_media":93,"parent":0,"menu_order":0,"comment_status":"closed","ping_status":"closed","template":"","meta":{"ngg_post_thumbnail":0,"footnotes":""},"class_list":["post-12","page","type-page","status-publish","has-post-thumbnail","hentry"],"_links":{"self":[{"href":"https:\/\/monikachajecka.pl\/en\/wp-json\/wp\/v2\/pages\/12","targetHints":{"allow":["GET"]}}],"collection":[{"href":"https:\/\/monikachajecka.pl\/en\/wp-json\/wp\/v2\/pages"}],"about":[{"href":"https:\/\/monikachajecka.pl\/en\/wp-json\/wp\/v2\/types\/page"}],"author":[{"embeddable":true,"href":"https:\/\/monikachajecka.pl\/en\/wp-json\/wp\/v2\/users\/3"}],"replies":[{"embeddable":true,"href":"https:\/\/monikachajecka.pl\/en\/wp-json\/wp\/v2\/comments?post=12"}],"version-history":[{"count":5,"href":"https:\/\/monikachajecka.pl\/en\/wp-json\/wp\/v2\/pages\/12\/revisions"}],"predecessor-version":[{"id":209,"href":"https:\/\/monikachajecka.pl\/en\/wp-json\/wp\/v2\/pages\/12\/revisions\/209"}],"wp:featuredmedia":[{"embeddable":true,"href":"https:\/\/monikachajecka.pl\/en\/wp-json\/wp\/v2\/media\/93"}],"wp:attachment":[{"href":"https:\/\/monikachajecka.pl\/en\/wp-json\/wp\/v2\/media?parent=12"}],"curies":[{"name":"wp","href":"https:\/\/api.w.org\/{rel}","templated":true}]}}